{"id":39,"date":"2023-07-07T15:16:12","date_gmt":"2023-07-07T18:16:12","guid":{"rendered":"http:\/\/segurosidea.com.br\/?page_id=39"},"modified":"2023-07-10T14:36:10","modified_gmt":"2023-07-10T17:36:10","slug":"produtos","status":"publish","type":"page","link":"http:\/\/segurosidea.com.br\/?page_id=39","title":{"rendered":"Produtos"},"content":{"rendered":"\n<p class=\"has-text-color has-medium-font-size\" style=\"color:#000000b5\">A ampla&nbsp;<em>expertise<\/em>&nbsp;em seguros combinada com importantes parcerias, nos permite atender clientes de diferentes segmentos e necessidades. Atrav\u00e9s destes diferenciais, buscamos ser um verdadeiro parceiro para voc\u00ea e seu neg\u00f3cio. Confira abaixo nossos produtos.<\/p>\n\n\n\n<p class=\"has-text-color has-medium-font-size\" style=\"color:#000000b5\"><\/p>\n\n\n\n<p class=\"has-text-color has-medium-font-size\" style=\"color:#000000b5\"><\/p>\n\n\n\n<p class=\"has-text-color has-medium-font-size\" style=\"color:#000000b5\">Seguro de Autom\u00f3veis<\/p>\n\n\n\n<p class=\"has-text-color has-medium-font-size\" style=\"color:#000000b5\">Seguro de Vida<\/p>\n\n\n\n<p class=\"has-text-color has-medium-font-size\" style=\"color:#000000b5\">Seguro Residencial<\/p>\n\n\n\n<p class=\"has-text-color has-medium-font-size\" style=\"color:#000000b5\">Seguro Viagem<\/p>\n\n\n\n<p class=\"has-text-color has-medium-font-size\" style=\"color:#000000b5\">Seguro de Bike<\/p>\n\n\n\n<p class=\"has-text-color has-medium-font-size\" style=\"color:#000000b5\">Seguro Fian\u00e7a<\/p>\n\n\n\n<p class=\"has-text-color has-medium-font-size\" style=\"color:#000000b5\">Seguro de Condom\u00ednio<\/p>\n\n\n\n<p class=\"has-text-color has-medium-font-size\" style=\"color:#000000b5\">Seguro Empresarial<\/p>\n\n\n\n<p class=\"has-text-color has-medium-font-size\" style=\"color:#000000b5\">Seguro de Eletr\u00f4nicos<\/p>\n\n\n\n<p class=\"has-text-color has-medium-font-size\" style=\"color:#000000b5\">Previd\u00eancia Privada<\/p>\n\n\n\n<p class=\"has-text-color has-medium-font-size\" style=\"color:#000000b5\">Carta Verde<\/p>\n\n\n\n<p class=\"has-text-color has-medium-font-size\" style=\"color:#000000b5\">Plano de Sa\u00fade<\/p>\n\n\n\n<p class=\"has-text-color has-medium-font-size\" style=\"color:#000000b5\">Cart\u00e3o de Cr\u00e9dito<\/p>\n\n\n\n<p class=\"has-text-color has-medium-font-size\" style=\"color:#000000b5\">Cons\u00f3rcio<\/p>\n\n\n\n<p class=\"has-text-color has-medium-font-size\" style=\"color:#000000b5\">Financiamento<\/p>\n","protected":false},"excerpt":{"rendered":"<p>A ampla&nbsp;expertise&nbsp;em seguros combinada com importantes parcerias, nos permite atender clientes de diferentes segmentos e necessidades. Atrav\u00e9s destes diferenciais, buscamos ser um verdadeiro parceiro para voc\u00ea e seu neg\u00f3cio. Confira abaixo nossos produtos. Seguro de Autom\u00f3veis Seguro de Vida Seguro<\/p>\n","protected":false},"author":1,"featured_media":0,"parent":0,"menu_order":0,"comment_status":"closed","ping_status":"closed","template":"","meta":[],"_links":{"self":[{"href":"http:\/\/segurosidea.com.br\/index.php?rest_route=\/wp\/v2\/pages\/39"}],"collection":[{"href":"http:\/\/segurosidea.com.br\/index.php?rest_route=\/wp\/v2\/pages"}],"about":[{"href":"http:\/\/segurosidea.com.br\/index.php?rest_route=\/wp\/v2\/types\/page"}],"author":[{"embeddable":true,"href":"http:\/\/segurosidea.com.br\/index.php?rest_route=\/wp\/v2\/users\/1"}],"replies":[{"embeddable":true,"href":"http:\/\/segurosidea.com.br\/index.php?rest_route=%2Fwp%2Fv2%2Fcomments&post=39"}],"version-history":[{"count":6,"href":"http:\/\/segurosidea.com.br\/index.php?rest_route=\/wp\/v2\/pages\/39\/revisions"}],"predecessor-version":[{"id":89,"href":"http:\/\/segurosidea.com.br\/index.php?rest_route=\/wp\/v2\/pages\/39\/revisions\/89"}],"wp:attachment":[{"href":"http:\/\/segurosidea.com.br\/index.php?rest_route=%2Fwp%2Fv2%2Fmedia&parent=39"}],"curies":[{"name":"wp","href":"https:\/\/api.w.org\/{rel}","templated":true}]}}